{"id":1735,"date":"2023-08-30T19:46:58","date_gmt":"2023-08-30T19:46:58","guid":{"rendered":"https:\/\/validthemes.net\/themeforest\/wp\/consua\/?page_id=1735"},"modified":"2025-07-09T07:21:42","modified_gmt":"2025-07-09T07:21:42","slug":"projects","status":"publish","type":"page","link":"https:\/\/calmapoznan.pl\/?page_id=1735","title":{"rendered":"Realizacje"},"content":{"rendered":"\t\t<div data-elementor-type=\"wp-page\" data-elementor-id=\"1735\" class=\"elementor elementor-1735\">\n\t\t\t\t\t\t<section class=\"elementor-section elementor-top-section elementor-element elementor-element-677eeea elementor-section-full_width elementor-section-height-default elementor-section-height-default\" data-id=\"677eeea\" data-element_type=\"section\">\n\t\t\t\t\t\t<div class=\"elementor-container elementor-column-gap-no\">\n\t\t\t\t\t<div class=\"elementor-column elementor-col-100 elementor-top-column elementor-element elementor-element-6daee47\" data-id=\"6daee47\" data-element_type=\"column\">\n\t\t\t<div class=\"elementor-widget-wrap elementor-element-populated\">\n\t\t\t\t\t\t<div class=\"elementor-element elementor-element-e821d3c elementor-widget elementor-widget-consua_project\" data-id=\"e821d3c\" data-element_type=\"widget\" data-widget_type=\"consua_project.default\">\n\t\t\t\t<div class=\"elementor-widget-container\">\n\t\t\t\t\t\r\n    <!-- Start Project Style Two\r\n    ============================================= -->\r\n    <div class=\"project-style-two-area bg-gray default-padding\">\r\n    \t        <div class=\"container\">\r\n            <div class=\"container\">\r\n                <div class=\"row\">\r\n                    <div class=\"col-md-12 gallery-content\">\r\n                        <div class=\"magnific-mix-gallery gallery-masonary\">\r\n                            <div id=\"gallery-masonary\" class=\"gallery-items colums-2\">\r\n                            \t\t                                <!-- Single Item -->\r\n\t                                <div class=\"gallery-item active\">\r\n\t                                    <div class=\"gallery-style-two\">\r\n\t                                    \t\t                                        \t<img decoding=\"async\" src=\"http:\/\/calmapoznan.pl\/wp-content\/uploads\/2025\/07\/kurosz_wiry_elewacja_frontowa-scaled.jpg\" alt=\"Calma Pozna\u0144\">\r\n\t                                        \t                                        \t                                        <div class=\"overlay\">\r\n\t                                            <div class=\"content\">\r\n\t                                                <span>CALMA POZNA\u0143<\/span>\r\n\t                                                <h4><a href=\"#\">Nasze ostatnie realizacje<\/a><\/h4>\r\n\t                                            <\/div>\r\n\t                                        <\/div>\r\n\t                                    <\/div>\r\n\t                                <\/div>\r\n\t                                <!-- End Single Item -->\r\n                               \t\t                                <!-- Single Item -->\r\n\t                                <div class=\"gallery-item\">\r\n\t                                    <div class=\"gallery-style-two\">\r\n\t                                    \t\t                                        \t<img decoding=\"async\" src=\"http:\/\/calmapoznan.pl\/wp-content\/uploads\/2025\/07\/wiry-zabikowska-scaled.jpg\" alt=\"Calma Pozna\u0144\">\r\n\t                                        \t                                        \t                                        <div class=\"overlay\">\r\n\t                                            <div class=\"content\">\r\n\t                                                <span>6 dom\u00f3w 2-lokalowych wolnostoj\u0105cych <\/span>\r\n\t                                                <h4><a href=\"#\">Wiry ul. \u017babikowska\n<\/a><\/h4>\r\n\t                                            <\/div>\r\n\t                                        <\/div>\r\n\t                                    <\/div>\r\n\t                                <\/div>\r\n\t                                <!-- End Single Item -->\r\n                               \t\t                                <!-- Single Item -->\r\n\t                                <div class=\"gallery-item\">\r\n\t                                    <div class=\"gallery-style-two\">\r\n\t                                    \t\t                                        \t<img decoding=\"async\" src=\"http:\/\/calmapoznan.pl\/wp-content\/uploads\/2025\/07\/wiry-swierkowa.jpg\" alt=\"Calma Pozna\u0144\">\r\n\t                                        \t                                        \t                                        <div class=\"overlay\">\r\n\t                                            <div class=\"content\">\r\n\t                                                <span><\/span>\r\n\t                                                <h4><a href=\"#\">Wiry ul. \u015awierkowa<\/a><\/h4>\r\n\t                                            <\/div>\r\n\t                                        <\/div>\r\n\t                                    <\/div>\r\n\t                                <\/div>\r\n\t                                <!-- End Single Item -->\r\n                               \t\t                                <!-- Single Item -->\r\n\t                                <div class=\"gallery-item\">\r\n\t                                    <div class=\"gallery-style-two\">\r\n\t                                    \t\t                                        \t<img decoding=\"async\" src=\"http:\/\/calmapoznan.pl\/wp-content\/uploads\/2025\/07\/lubon-klonowa.jpg\" alt=\"Calma Pozna\u0144\">\r\n\t                                        \t                                        \t                                        <div class=\"overlay\">\r\n\t                                            <div class=\"content\">\r\n\t                                                <span>3 domy 2-lokalowe w zabudowie bli\u017aniaczej<\/span>\r\n\t                                                <h4><a href=\"#\">Lubo\u0144 ul. Klonowa<\/a><\/h4>\r\n\t                                            <\/div>\r\n\t                                        <\/div>\r\n\t                                    <\/div>\r\n\t                                <\/div>\r\n\t                                <!-- End Single Item -->\r\n                               \t\t                                <!-- Single Item -->\r\n\t                                <div class=\"gallery-item\">\r\n\t                                    <div class=\"gallery-style-two\">\r\n\t                                    \t\t                                        \t<img decoding=\"async\" src=\"http:\/\/calmapoznan.pl\/wp-content\/uploads\/2025\/07\/lubon-szkolna-1-1-scaled.jpg\" alt=\"Calma Pozna\u0144\">\r\n\t                                        \t                                        \t                                        <div class=\"overlay\">\r\n\t                                            <div class=\"content\">\r\n\t                                                <span><\/span>\r\n\t                                                <h4><a href=\"#\">Lubo\u0144 ul. Szkolna<\/a><\/h4>\r\n\t                                            <\/div>\r\n\t                                        <\/div>\r\n\t                                    <\/div>\r\n\t                                <\/div>\r\n\t                                <!-- End Single Item -->\r\n                               \t\t                                <!-- Single Item -->\r\n\t                                <div class=\"gallery-item\">\r\n\t                                    <div class=\"gallery-style-two\">\r\n\t                                    \t\t                                        \t<img decoding=\"async\" src=\"http:\/\/calmapoznan.pl\/wp-content\/uploads\/2025\/07\/lubon-lesmiana.jpg\" alt=\"Calma Pozna\u0144\">\r\n\t                                        \t                                        \t                                        <div class=\"overlay\">\r\n\t                                            <div class=\"content\">\r\n\t                                                <span> 2 domy 2-lokalowe w zabudowie bli\u017aniaczej<\/span>\r\n\t                                                <h4><a href=\"#\">Lubo\u0144 ul. Le\u015bmiana<\/a><\/h4>\r\n\t                                            <\/div>\r\n\t                                        <\/div>\r\n\t                                    <\/div>\r\n\t                                <\/div>\r\n\t                                <!-- End Single Item -->\r\n                               \t                            <\/div>\r\n                        <\/div>\r\n\r\n                        \t                        <div class=\"row\">\r\n\t                            <div class=\"col-lg-12 text-center\">\r\n\t                                <div class=\"load-more-info text-center mt-60\">\r\n\t                                    <p>\r\n\t                                        Zainteresowa\u0142y Ciebie naszer realizacje ? <a>Zapraszamy do kontaktu !<\/a>\t                                    <\/p>\r\n\t                                <\/div>\r\n\t                            <\/div>\r\n\t                        <\/div>\r\n                    \t                    <\/div>\r\n                <\/div>\r\n            <\/div>\r\n        <\/div>\r\n    <\/div>\r\n    <!-- End Project Style Two -->\r\n\r\n\t\t\t\t\t<\/div>\n\t\t\t\t<\/div>\n\t\t\t\t\t<\/div>\n\t\t<\/div>\n\t\t\t\t\t<\/div>\n\t\t<\/section>\n\t\t\t\t<\/div>\n\t\t","protected":false},"excerpt":{"rendered":"<p>CALMA POZNA\u0143 Nasze ostatnie realizacje 6 dom\u00f3w 2-lokalowych wolnostoj\u0105cych Wiry ul. \u017babikowska Wiry ul. \u015awierkowa 3 domy 2-lokalowe w zabudowie bli\u017aniaczej Lubo\u0144 ul. Klonowa Lubo\u0144 ul. Szkolna 2 domy 2-lokalowe w zabudowie bli\u017aniaczej Lubo\u0144 ul. Le\u015bmiana Zainteresowa\u0142y Ciebie naszer realizacje ? Zapraszamy do kontaktu !<\/p>\n","protected":false},"author":1,"featured_media":0,"parent":0,"menu_order":0,"comment_status":"closed","ping_status":"closed","template":"elementor_header_footer","meta":{"footnotes":""},"class_list":["post-1735","page","type-page","status-publish","hentry"],"_links":{"self":[{"href":"https:\/\/calmapoznan.pl\/index.php?rest_route=\/wp\/v2\/pages\/1735","targetHints":{"allow":["GET"]}}],"collection":[{"href":"https:\/\/calmapoznan.pl\/index.php?rest_route=\/wp\/v2\/pages"}],"about":[{"href":"https:\/\/calmapoznan.pl\/index.php?rest_route=\/wp\/v2\/types\/page"}],"author":[{"embeddable":true,"href":"https:\/\/calmapoznan.pl\/index.php?rest_route=\/wp\/v2\/users\/1"}],"replies":[{"embeddable":true,"href":"https:\/\/calmapoznan.pl\/index.php?rest_route=%2Fwp%2Fv2%2Fcomments&post=1735"}],"version-history":[{"count":7,"href":"https:\/\/calmapoznan.pl\/index.php?rest_route=\/wp\/v2\/pages\/1735\/revisions"}],"predecessor-version":[{"id":2641,"href":"https:\/\/calmapoznan.pl\/index.php?rest_route=\/wp\/v2\/pages\/1735\/revisions\/2641"}],"wp:attachment":[{"href":"https:\/\/calmapoznan.pl\/index.php?rest_route=%2Fwp%2Fv2%2Fmedia&parent=1735"}],"curies":[{"name":"wp","href":"https:\/\/api.w.org\/{rel}","templated":true}]}}