{"id":169,"date":"2023-06-14T12:58:39","date_gmt":"2023-06-14T12:58:39","guid":{"rendered":"https:\/\/validthemes.net\/themeforest\/wp\/consua\/?page_id=169"},"modified":"2025-07-13T16:36:41","modified_gmt":"2025-07-13T16:36:41","slug":"contact","status":"publish","type":"page","link":"https:\/\/calmapoznan.pl\/?page_id=169","title":{"rendered":"Kontakt z nami"},"content":{"rendered":"\t\t<div data-elementor-type=\"wp-page\" data-elementor-id=\"169\" class=\"elementor elementor-169\">\n\t\t\t\t\t\t<section class=\"elementor-section elementor-top-section elementor-element elementor-element-b1ff7b2 elementor-section-full_width elementor-section-height-default elementor-section-height-default\" data-id=\"b1ff7b2\" data-element_type=\"section\">\n\t\t\t\t\t\t<div class=\"elementor-container elementor-column-gap-no\">\n\t\t\t\t\t<div class=\"elementor-column elementor-col-100 elementor-top-column elementor-element elementor-element-2a578e9\" data-id=\"2a578e9\" data-element_type=\"column\">\n\t\t\t<div class=\"elementor-widget-wrap\">\n\t\t\t\t\t\t\t<\/div>\n\t\t<\/div>\n\t\t\t\t\t<\/div>\n\t\t<\/section>\n\t\t\t\t<section class=\"elementor-section elementor-top-section elementor-element elementor-element-c0ac542 elementor-section-full_width elementor-section-height-default elementor-section-height-default\" data-id=\"c0ac542\" data-element_type=\"section\">\n\t\t\t\t\t\t<div class=\"elementor-container elementor-column-gap-no\">\n\t\t\t\t\t<div class=\"elementor-column elementor-col-100 elementor-top-column elementor-element elementor-element-444a0bb\" data-id=\"444a0bb\" data-element_type=\"column\">\n\t\t\t<div class=\"elementor-widget-wrap elementor-element-populated\">\n\t\t\t\t\t\t<div class=\"elementor-element elementor-element-f1d1e87 elementor-widget elementor-widget-consua_contact_form\" data-id=\"f1d1e87\" data-element_type=\"widget\" data-widget_type=\"consua_contact_form.default\">\n\t\t\t\t<div class=\"elementor-widget-container\">\n\t\t\t\t\t    <!-- Start Contact Us \r\n    ============================================= -->\r\n    <div class=\"contact-style-one-area overflow-hidden default-padding\">\r\n\r\n\t\t\t        <div class=\"contact-shape\">\r\n\t            <img decoding=\"async\" src=\"https:\/\/validthemes.net\/themeforest\/wp\/consua\/wp-content\/uploads\/2023\/08\/37.png\" alt=\"Calma Pozna\u0144\">\r\n\t        <\/div>\r\n\t           \r\n        <div class=\"container\">\r\n            <div class=\"row align-center\">\r\n\r\n                <div class=\"contact-stye-one col-lg-5 mb-md-50 mb-xs-20\">\r\n\r\n                    <div class=\"contact-style-one-info\">\r\n                    \t                        \t<h2>Skontaktuj si\u0119 z nami<\/h2>\r\n                    \t                    \t\t                        <p>\r\n\t                         Masz pytania dotycz\u0105ce aktualnych inwestycji ? Serdecznie zapraszamy do kontaktu.\t                        <\/p>\r\n                                                <ul>\r\n\t\t\t\t\t\t\t\t                            <li class=\"wow fadeInUp\">\r\n\t                                <div class=\"icon\">\r\n\t                                   \t\t\t\t\t\t                    \t\t\t\t\t                    \t\t\t\t\t                        <i class=\"fas fa-phone-alt\"><\/i>\r\n\t\t\t\t\t                    \t                                <\/div>\r\n\t                                <div class=\"content\">\r\n\t                                \t<h5 class=\"title\">Telefon kontaktowy <\/h5>\r\n\t                                  \t<a href=\"\">+48 600 114 664<\/a>\t                                <\/div>\r\n\t                            <\/li>\r\n                           \t                            <li class=\"wow fadeInUp\">\r\n\t                                <div class=\"icon\">\r\n\t                                   \t\t\t\t\t\t                    \t\t\t\t\t                    \t\t\t\t\t                        <i class=\"fas fa-map-marker-alt\"><\/i>\r\n\t\t\t\t\t                    \t                                <\/div>\r\n\t                                <div class=\"content\">\r\n\t                                \t<h5 class=\"title\">Biuro<\/h5>\r\n\t                                  \tNiepodleg\u0142o\u015bci 11b\n62-030 Lubo\u0144 <BR>NIP 7831776296\t                                <\/div>\r\n\t                            <\/li>\r\n                           \t                            <li class=\"wow fadeInUp\">\r\n\t                                <div class=\"icon\">\r\n\t                                   \t\t\t\t\t\t                    \t\t\t\t\t                    \t\t\t\t\t                        <i class=\"fas fa-phone-alt\"><\/i>\r\n\t\t\t\t\t                    \t                                <\/div>\r\n\t                                <div class=\"content\">\r\n\t                                \t<h5 class=\"title\">Kontakt e-mail<\/h5>\r\n\t                                  \tbiuro@calmapoznan.pl\t                                <\/div>\r\n\t                            <\/li>\r\n                                                   <\/ul>\r\n                    <\/div>\r\n                <\/div>\r\n                \r\n                <div class=\"contact-stye-one col-lg-7 pl-60 pl-md-15 pl-xs-15\">\r\n                    <div class=\"contact-form-style-one\">\r\n                    \t\t                        <h5 class=\"sub-title\">MASZ PYTANIA?<\/h5>\r\n\t                    \t                                            \t<h2 class=\"heading\">Zadaj pytanie przez formularz<\/h2>\r\n                                                                        \t\n<div class=\"wpcf7 no-js\" id=\"wpcf7-f6-o1\" lang=\"en-US\" dir=\"ltr\" data-wpcf7-id=\"6\">\n<div class=\"screen-reader-response\"><p role=\"status\" aria-live=\"polite\" aria-atomic=\"true\"><\/p> <ul><\/ul><\/div>\n<form action=\"\/index.php?rest_route=%2Fwp%2Fv2%2Fpages%2F169#wpcf7-f6-o1\" method=\"post\" class=\"wpcf7-form init\" aria-label=\"Contact form\" novalidate=\"novalidate\" data-status=\"init\">\n<fieldset class=\"hidden-fields-container\"><input type=\"hidden\" name=\"_wpcf7\" value=\"6\" \/><input type=\"hidden\" name=\"_wpcf7_version\" value=\"6.1\" \/><input type=\"hidden\" name=\"_wpcf7_locale\" value=\"en_US\" \/><input type=\"hidden\" name=\"_wpcf7_unit_tag\" value=\"wpcf7-f6-o1\" \/><input type=\"hidden\" name=\"_wpcf7_container_post\" value=\"0\" \/><input type=\"hidden\" name=\"_wpcf7_posted_data_hash\" value=\"\" \/>\n<\/fieldset>\n<div class=\"row\">\n    <div class=\"col-lg-12\">\n        <div class=\"form-group\">\n             <span class=\"wpcf7-form-control-wrap\" data-name=\"text-911\"><input size=\"40\" maxlength=\"400\" class=\"wpcf7-form-control wpcf7-text wpcf7-validates-as-required form-control\" id=\"name\" aria-required=\"true\" aria-invalid=\"false\" placeholder=\"Imi\u0119\" value=\"\" type=\"text\" name=\"text-911\" \/><\/span>\n        <\/div>\n    <\/div>\n<\/div>\n<div class=\"row\">\n    <div class=\"col-lg-6\">\n        <div class=\"form-group\">\n            <span class=\"wpcf7-form-control-wrap\" data-name=\"text-912\"><input size=\"40\" maxlength=\"400\" class=\"wpcf7-form-control wpcf7-text wpcf7-validates-as-required form-control\" id=\"email\" aria-required=\"true\" aria-invalid=\"false\" placeholder=\"E-mail*\" value=\"\" type=\"text\" name=\"text-912\" \/><\/span>\n        <\/div>\n    <\/div>\n    <div class=\"col-lg-6\">\n        <div class=\"form-group\">\n            <span class=\"wpcf7-form-control-wrap\" data-name=\"text-913\"><input size=\"40\" maxlength=\"400\" class=\"wpcf7-form-control wpcf7-text wpcf7-validates-as-required form-control\" id=\"phone\" aria-required=\"true\" aria-invalid=\"false\" placeholder=\"Telefon\" value=\"\" type=\"text\" name=\"text-913\" \/><\/span>\n        <\/div>\n    <\/div>\n<\/div>\n<div class=\"row\">\n    <div class=\"col-lg-12\">\n        <div class=\"form-group comments\">\n           <span class=\"wpcf7-form-control-wrap\" data-name=\"textarea-566\"><textarea cols=\"40\" rows=\"10\" maxlength=\"2000\" class=\"wpcf7-form-control wpcf7-textarea wpcf7-validates-as-required comments\" id=\"comments\" aria-required=\"true\" aria-invalid=\"false\" placeholder=\"Tre\u015b\u0107 wiadomo\u015bci\" name=\"textarea-566\"><\/textarea><\/span>\n        <\/div>\n    <\/div>\n<\/div>\n<div class=\"row\">\n    <div class=\"col-lg-12\">\n        <button type=\"submit\" name=\"submit\" id=\"submit\"><i class=\"fa fa-paper-plane\"><\/i> Wy\u015blij wiadomo\u015b\u0107<\/button>\n    <\/div>\n<\/div><div class=\"wpcf7-response-output\" aria-hidden=\"true\"><\/div>\n<\/form>\n<\/div>\n                                            <\/div>\r\n                <\/div>\r\n            <\/div>\r\n        <\/div>\r\n    <\/div>\r\n    <!-- End Contact -->\r\n\r\n\t\t\t\t\t<\/div>\n\t\t\t\t<\/div>\n\t\t\t\t<div class=\"elementor-element elementor-element-21618de elementor-widget elementor-widget-google_maps\" data-id=\"21618de\" data-element_type=\"widget\" data-widget_type=\"google_maps.default\">\n\t\t\t\t\t\t\t<div class=\"elementor-custom-embed\">\n\t\t\t<iframe loading=\"lazy\"\n\t\t\t\t\tsrc=\"https:\/\/maps.google.com\/maps?q=Lubo%C5%84%2C%20niepodleg%C5%82o%C5%9Bci%2011b&#038;t=m&#038;z=14&#038;output=embed&#038;iwloc=near\"\n\t\t\t\t\ttitle=\"Lubo\u0144, niepodleg\u0142o\u015bci 11b\"\n\t\t\t\t\taria-label=\"Lubo\u0144, niepodleg\u0142o\u015bci 11b\"\n\t\t\t><\/iframe>\n\t\t<\/div>\n\t\t\t\t\t\t<\/div>\n\t\t\t\t\t<\/div>\n\t\t<\/div>\n\t\t\t\t\t<\/div>\n\t\t<\/section>\n\t\t\t\t<\/div>\n\t\t","protected":false},"excerpt":{"rendered":"<p>Skontaktuj si\u0119 z nami Masz pytania dotycz\u0105ce aktualnych inwestycji ? Serdecznie zapraszamy do kontaktu. Telefon kontaktowy +48 600 114 664 Biuro Niepodleg\u0142o\u015bci 11b 62-030 Lubo\u0144 NIP 7831776296 Kontakt e-mail biuro@calmapoznan.pl MASZ PYTANIA? Zadaj pytanie przez formularz Wy\u015blij wiadomo\u015b\u0107<\/p>\n","protected":false},"author":1,"featured_media":0,"parent":0,"menu_order":0,"comment_status":"closed","ping_status":"closed","template":"elementor_header_footer","meta":{"footnotes":""},"class_list":["post-169","page","type-page","status-publish","hentry"],"_links":{"self":[{"href":"https:\/\/calmapoznan.pl\/index.php?rest_route=\/wp\/v2\/pages\/169","targetHints":{"allow":["GET"]}}],"collection":[{"href":"https:\/\/calmapoznan.pl\/index.php?rest_route=\/wp\/v2\/pages"}],"about":[{"href":"https:\/\/calmapoznan.pl\/index.php?rest_route=\/wp\/v2\/types\/page"}],"author":[{"embeddable":true,"href":"https:\/\/calmapoznan.pl\/index.php?rest_route=\/wp\/v2\/users\/1"}],"replies":[{"embeddable":true,"href":"https:\/\/calmapoznan.pl\/index.php?rest_route=%2Fwp%2Fv2%2Fcomments&post=169"}],"version-history":[{"count":10,"href":"https:\/\/calmapoznan.pl\/index.php?rest_route=\/wp\/v2\/pages\/169\/revisions"}],"predecessor-version":[{"id":2668,"href":"https:\/\/calmapoznan.pl\/index.php?rest_route=\/wp\/v2\/pages\/169\/revisions\/2668"}],"wp:attachment":[{"href":"https:\/\/calmapoznan.pl\/index.php?rest_route=%2Fwp%2Fv2%2Fmedia&parent=169"}],"curies":[{"name":"wp","href":"https:\/\/api.w.org\/{rel}","templated":true}]}}